{"id":2,"date":"2016-05-10T03:48:21","date_gmt":"2016-05-10T03:48:21","guid":{"rendered":"http:\/\/www.kandazkarate.com\/?page_id=2"},"modified":"2021-07-12T22:09:35","modified_gmt":"2021-07-12T22:09:35","slug":"sample-page","status":"publish","type":"page","link":"https:\/\/www.kandazkarate.com\/","title":{"rendered":"Sample Page"},"content":{"rendered":"\t\t<div data-elementor-type=\"wp-page\" data-elementor-id=\"2\" class=\"elementor elementor-2\" data-elementor-settings=\"[]\">\n\t\t\t\t\t\t\t<div class=\"elementor-section-wrap\">\n\t\t\t\t\t\t\t<section class=\"elementor-section elementor-top-section elementor-element elementor-element-77266fd9 elementor-section-boxed elementor-section-height-default elementor-section-height-default\" data-id=\"77266fd9\" data-element_type=\"section\">\n\t\t\t\t\t\t<div class=\"elementor-container elementor-column-gap-default\">\n\t\t\t\t\t<div class=\"elementor-column elementor-col-100 elementor-top-column elementor-element elementor-element-445a5939\" data-id=\"445a5939\" data-element_type=\"column\">\n\t\t\t<div class=\"elementor-widget-wrap elementor-element-populated\">\n\t\t\t\t\t\t\t\t<div class=\"elementor-element elementor-element-60f9db4a elementor-widget elementor-widget-text-editor\" data-id=\"60f9db4a\" data-element_type=\"widget\" data-widget_type=\"text-editor.default\">\n\t\t\t\t<div class=\"elementor-widget-container\">\n\t\t\t\t\t\t\t\t<p><span>Bahattin Kandaz ist eine Karate-Legende. Er tr\u00e4gt nicht nur den 6. Dan, sondern war fr\u00fcher selber aktiver Karate-Wettk\u00e4mpfer auf internationalem Niveau: Er wurde 1992 WKF-Vizeweltmeister WKF und 1996 sowie 2001 EKF-Vizeeuropameister EKF.<\/span><\/p><p><\/p><p><span>Er ist international einer der besten Trainer und Coaches. In den vergangenen Jahren hat er viele Karate-Wettk\u00e4mpfer aus seiner Heimat (T\u00fcrkei) und anderen L\u00e4ndern an die absolute Weltspitze gebracht. Bahattin Kandaz ist regelm\u00e4ssig bei verschiedenen Nationalteams als Trainer eingesetzt worden. Zuletzt hat er die Nationalmannschaft von Azerbaijan auf die Olympia-Qualifikation vorbereitet.\u00a0<\/span><\/p>\t\t\t\t\t\t<\/div>\n\t\t\t\t<\/div>\n\t\t\t\t\t<\/div>\n\t\t<\/div>\n\t\t\t\t\t\t\t<\/div>\n\t\t<\/section>\n\t\t\t\t\t\t<\/div>\n\t\t\t\t\t<\/div>\n\t\t","protected":false},"excerpt":{"rendered":"<p>Bahattin Kandaz ist eine Karate-Legende. Er tr\u00e4gt nicht nur den 6. Dan, sondern war fr\u00fcher selber aktiver Karate-Wettk\u00e4mpfer auf internationalem Niveau: Er wurde 1992 WKF-Vizeweltmeister WKF und 1996 sowie 2001 EKF-Vizeeuropameister EKF. Er ist international einer der besten Trainer und Coaches. In den vergangenen Jahren hat er viele Karate-Wettk\u00e4mpfer aus [&hellip;]<\/p>\n","protected":false},"author":1,"featured_media":36,"parent":0,"menu_order":0,"comment_status":"closed","ping_status":"open","template":"","meta":[],"_links":{"self":[{"href":"https:\/\/www.kandazkarate.com\/index.php?rest_route=\/wp\/v2\/pages\/2"}],"collection":[{"href":"https:\/\/www.kandazkarate.com\/index.php?rest_route=\/wp\/v2\/pages"}],"about":[{"href":"https:\/\/www.kandazkarate.com\/index.php?rest_route=\/wp\/v2\/types\/page"}],"author":[{"embeddable":true,"href":"https:\/\/www.kandazkarate.com\/index.php?rest_route=\/wp\/v2\/users\/1"}],"replies":[{"embeddable":true,"href":"https:\/\/www.kandazkarate.com\/index.php?rest_route=%2Fwp%2Fv2%2Fcomments&post=2"}],"version-history":[{"count":3,"href":"https:\/\/www.kandazkarate.com\/index.php?rest_route=\/wp\/v2\/pages\/2\/revisions"}],"predecessor-version":[{"id":33,"href":"https:\/\/www.kandazkarate.com\/index.php?rest_route=\/wp\/v2\/pages\/2\/revisions\/33"}],"wp:featuredmedia":[{"embeddable":true,"href":"https:\/\/www.kandazkarate.com\/index.php?rest_route=\/wp\/v2\/media\/36"}],"wp:attachment":[{"href":"https:\/\/www.kandazkarate.com\/index.php?rest_route=%2Fwp%2Fv2%2Fmedia&parent=2"}],"curies":[{"name":"wp","href":"https:\/\/api.w.org\/{rel}","templated":true}]}}